{"id":152,"date":"2026-02-16T21:49:55","date_gmt":"2026-02-16T20:49:55","guid":{"rendered":"https:\/\/anygamle.ramako.dk\/index.php\/klubbens-historie\/"},"modified":"2026-02-16T21:49:57","modified_gmt":"2026-02-16T20:49:57","slug":"klubbens-historie","status":"publish","type":"page","link":"https:\/\/anygamle.ramako.dk\/index.php\/klubbens-historie\/","title":{"rendered":"Klubbens historie"},"content":{"rendered":"\t\t<div data-elementor-type=\"wp-page\" data-elementor-id=\"152\" class=\"elementor elementor-152\" data-elementor-post-type=\"page\">\n\t\t\t\t\t\t<section class=\"elementor-section elementor-top-section elementor-element elementor-element-4d427131 elementor-section-content-middle elementor-section-boxed elementor-section-height-default elementor-section-height-default\" data-id=\"4d427131\" data-element_type=\"section\" data-e-type=\"section\" data-settings=\"{&quot;background_background&quot;:&quot;classic&quot;}\">\n\t\t\t\t\t\t<div class=\"elementor-container elementor-column-gap-no\">\n\t\t\t\t\t<div class=\"elementor-column elementor-col-100 elementor-top-column elementor-element elementor-element-4c6c92fd\" data-id=\"4c6c92fd\" data-element_type=\"column\" data-e-type=\"column\">\n\t\t\t<div class=\"elementor-widget-wrap elementor-element-populated\">\n\t\t\t\t\t\t<div class=\"elementor-element elementor-element-367bce81 elementor-widget elementor-widget-heading\" data-id=\"367bce81\" data-element_type=\"widget\" data-e-type=\"widget\" data-widget_type=\"heading.default\">\n\t\t\t\t\t<h1 class=\"elementor-heading-title elementor-size-default\">ANY-Klubbens historie<\/h1>\t\t\t\t<\/div>\n\t\t\t\t<div class=\"elementor-element elementor-element-759aaf3b elementor-widget elementor-widget-text-editor\" data-id=\"759aaf3b\" data-element_type=\"widget\" data-e-type=\"widget\" data-widget_type=\"text-editor.default\">\n\t\t\t\t\t\t\t\t\t<p><strong>Any-klubbens historie i den korte version<\/strong><\/p>\n<ul>\n<li>1966 var det \u00e5r, hvor Randers, Vorup, Kristrup, Hornb\u00e6k og Dronningborg holdt selvst\u00e6ndige by-og sogner\u00e5dsvalg. Fire \u00e5r senere var de alle samlet i een kommune og et amt!<\/li>\n<li>1966 var ogs\u00e5 det \u00e5r, hvor man kunne k\u00f8be 1 kg. melis for kr. 1,66, en pilsner for kr. 1,37, en l s\u00f8dm\u00e6lk for kr. 1,06, og et kilo torsk for kr. 3,40. De rige kunne k\u00f8be en Mercedes 200 for kr. 43.829,-, medens en folkevogn kunne erhverves for kr. 17.726,- og en Fiat 1100 for kr. 17.500,-<\/li>\n<li>1966 var det \u00e5r, hvor den gennemsnitlige timel\u00f8n i industrien var p\u00e5 kr. 10,46 og en enlig pensionist fik kr. 5.064,- \u00e5rligt!<\/li>\n<li>&nbsp;I 1966 hed socialministeren Kaj Bundvad, og han opfordrede p\u00e5 et m\u00f8de p\u00e5 Jylland alle pensionister til at forene sig i klubber, hvilket man gjorde i Randers, Any-klubben blev stiftet den 01.okt. og kommunen gav husly til klubben i det gl. gasv\u00e6rk, hvor man straks gik i gang med at renovere lokaler i m\u00e5lerv\u00e6rkstedet.<\/li>\n<li>I 1982 flyttede man s\u00e5 til Slyngborggade 21, 1s, hvor der var tomme lokaler efter bistandskontoret. I dag, 60 \u00e5r senere, eksisterer Any-klubben fortsat og er et tilholdssted for mere end 250 af byens pensionister og efterl\u00f8nnere, der kan v\u00e6lge mellem flere end 20 forskellige aktiviteter, til at udfylde noget af hverdagen med. Se mere under menuen: Aktiviteter.<\/li>\n<\/ul>\t\t\t\t\t\t\t\t<\/div>\n\t\t\t\t<div class=\"elementor-element elementor-element-3d6d0ec3 elementor-align-left elementor-widget elementor-widget-button\" data-id=\"3d6d0ec3\" data-element_type=\"widget\" data-e-type=\"widget\" data-widget_type=\"button.default\">\n\t\t\t\t\t\t\t\t\t\t<a class=\"elementor-button elementor-button-link elementor-size-sm\" href=\"https:\/\/anyklubben.dk\/bliv-medlem\/\">\n\t\t\t\t\t\t<span class=\"elementor-button-content-wrapper\">\n\t\t\t\t\t\t\t\t\t<span class=\"elementor-button-text\">Bliv en del af f\u00e6llesskabet<\/span>\n\t\t\t\t\t<\/span>\n\t\t\t\t\t<\/a>\n\t\t\t\t\t\t\t\t<\/div>\n\t\t\t\t\t<\/div>\n\t\t<\/div>\n\t\t\t\t\t<\/div>\n\t\t<\/section>\n\t\t\t\t<\/div>\n\t\t","protected":false},"excerpt":{"rendered":"<p>ANY-Klubbens historie Any-klubbens historie i den korte version 1966 var det \u00e5r, hvor Randers, Vorup, Kristrup, Hornb\u00e6k og Dronningborg holdt selvst\u00e6ndige by-og sogner\u00e5dsvalg. Fire \u00e5r senere var de alle samlet i een kommune og et amt! 1966 var ogs\u00e5 det \u00e5r, hvor man kunne k\u00f8be 1 kg. melis for kr. 1,66, en pilsner for kr. [&hellip;]<\/p>\n","protected":false},"author":1,"featured_media":0,"parent":0,"menu_order":0,"comment_status":"closed","ping_status":"closed","template":"elementor_header_footer","meta":{"footnotes":""},"class_list":["post-152","page","type-page","status-publish","hentry"],"_links":{"self":[{"href":"https:\/\/anygamle.ramako.dk\/index.php\/wp-json\/wp\/v2\/pages\/152","targetHints":{"allow":["GET"]}}],"collection":[{"href":"https:\/\/anygamle.ramako.dk\/index.php\/wp-json\/wp\/v2\/pages"}],"about":[{"href":"https:\/\/anygamle.ramako.dk\/index.php\/wp-json\/wp\/v2\/types\/page"}],"author":[{"embeddable":true,"href":"https:\/\/anygamle.ramako.dk\/index.php\/wp-json\/wp\/v2\/users\/1"}],"replies":[{"embeddable":true,"href":"https:\/\/anygamle.ramako.dk\/index.php\/wp-json\/wp\/v2\/comments?post=152"}],"version-history":[{"count":4,"href":"https:\/\/anygamle.ramako.dk\/index.php\/wp-json\/wp\/v2\/pages\/152\/revisions"}],"predecessor-version":[{"id":220,"href":"https:\/\/anygamle.ramako.dk\/index.php\/wp-json\/wp\/v2\/pages\/152\/revisions\/220"}],"wp:attachment":[{"href":"https:\/\/anygamle.ramako.dk\/index.php\/wp-json\/wp\/v2\/media?parent=152"}],"curies":[{"name":"wp","href":"https:\/\/api.w.org\/{rel}","templated":true}]}}