{"id":155,"date":"2026-02-16T21:49:55","date_gmt":"2026-02-16T20:49:55","guid":{"rendered":"https:\/\/anygamle.ramako.dk\/index.php\/aktiviteter\/"},"modified":"2026-02-16T21:49:57","modified_gmt":"2026-02-16T20:49:57","slug":"aktiviteter","status":"publish","type":"page","link":"https:\/\/anygamle.ramako.dk\/index.php\/aktiviteter\/","title":{"rendered":"Aktiviteter"},"content":{"rendered":"\t\t<div data-elementor-type=\"wp-page\" data-elementor-id=\"155\" class=\"elementor elementor-155\" data-elementor-post-type=\"page\">\n\t\t\t\t\t\t<section class=\"elementor-section elementor-top-section elementor-element elementor-element-4180a8dc elementor-section-content-middle elementor-section-boxed elementor-section-height-default elementor-section-height-default\" data-id=\"4180a8dc\" data-element_type=\"section\" data-e-type=\"section\" data-settings=\"{&quot;background_background&quot;:&quot;classic&quot;}\">\n\t\t\t\t\t\t<div class=\"elementor-container elementor-column-gap-no\">\n\t\t\t\t\t<div class=\"elementor-column elementor-col-100 elementor-top-column elementor-element elementor-element-7e5a9400\" data-id=\"7e5a9400\" data-element_type=\"column\" data-e-type=\"column\">\n\t\t\t<div class=\"elementor-widget-wrap elementor-element-populated\">\n\t\t\t\t\t\t<div class=\"elementor-element elementor-element-47fb3203 elementor-widget elementor-widget-heading\" data-id=\"47fb3203\" data-element_type=\"widget\" data-e-type=\"widget\" data-widget_type=\"heading.default\">\n\t\t\t\t\t<h1 class=\"elementor-heading-title elementor-size-default\">Aktiviteter<\/h1>\t\t\t\t<\/div>\n\t\t\t\t<div class=\"elementor-element elementor-element-13d8681 elementor-widget elementor-widget-text-editor\" data-id=\"13d8681\" data-element_type=\"widget\" data-e-type=\"widget\" data-widget_type=\"text-editor.default\">\n\t\t\t\t\t\t\t\t\t<p>Her kan du se vores forskellige aktiviteter.<\/p>\t\t\t\t\t\t\t\t<\/div>\n\t\t\t\t<div class=\"elementor-element elementor-element-56bede64 elementor-align-center elementor-widget elementor-widget-button\" data-id=\"56bede64\" data-element_type=\"widget\" data-e-type=\"widget\" data-widget_type=\"button.default\">\n\t\t\t\t\t\t\t\t\t\t<a class=\"elementor-button elementor-button-link elementor-size-sm\" href=\"https:\/\/anyklubben.dk\/bliv-medlem\/\">\n\t\t\t\t\t\t<span class=\"elementor-button-content-wrapper\">\n\t\t\t\t\t\t\t\t\t<span class=\"elementor-button-text\">Bliv en del af f\u00e6llesskabet<\/span>\n\t\t\t\t\t<\/span>\n\t\t\t\t\t<\/a>\n\t\t\t\t\t\t\t\t<\/div>\n\t\t\t\t<section class=\"elementor-section elementor-inner-section elementor-element elementor-element-4f8f2f5b elementor-section-full_width elementor-section-height-default elementor-section-height-default\" data-id=\"4f8f2f5b\" data-element_type=\"section\" data-e-type=\"section\">\n\t\t\t\t\t\t<div class=\"elementor-container elementor-column-gap-default\">\n\t\t\t\t\t<div class=\"elementor-column elementor-col-20 elementor-inner-column elementor-element elementor-element-1455795d\" data-id=\"1455795d\" data-element_type=\"column\" data-e-type=\"column\">\n\t\t\t<div class=\"elementor-widget-wrap elementor-element-populated\">\n\t\t\t\t\t\t<div class=\"elementor-element elementor-element-436320e4 elementor-widget elementor-widget-heading\" data-id=\"436320e4\" data-element_type=\"widget\" data-e-type=\"widget\" data-widget_type=\"heading.default\">\n\t\t\t\t\t<h2 class=\"elementor-heading-title elementor-size-default\">Mandag<\/h2>\t\t\t\t<\/div>\n\t\t\t\t<div class=\"elementor-element elementor-element-3a6c6619 elementor-widget elementor-widget-text-editor\" data-id=\"3a6c6619\" data-element_type=\"widget\" data-e-type=\"widget\" data-widget_type=\"text-editor.default\">\n\t\t\t\t\t\t\t\t\t<p><strong>Stenslibning-s\u00f8lv-guld-glas<\/strong><strong>-l\u00e6derarbejde<\/strong><\/p><p>09:00 &#8211; 12:00<\/p><p><strong>Tr\u00e6-smedev\u00e6rksted<\/strong><\/p><p>09:00 &#8211; 16:00<\/p><p><strong style=\"color: var( --e-global-color-text ); font-family: var( --e-global-typography-text-font-family ), Sans-serif; font-size: 1rem;\">Glas-og porcel\u00e6nsmaling<\/strong><\/p><p>12:30 &#8211; 15:30<\/p>\t\t\t\t\t\t\t\t<\/div>\n\t\t\t\t\t<\/div>\n\t\t<\/div>\n\t\t\t\t<div class=\"elementor-column elementor-col-20 elementor-inner-column elementor-element elementor-element-1184746a\" data-id=\"1184746a\" data-element_type=\"column\" data-e-type=\"column\">\n\t\t\t<div class=\"elementor-widget-wrap elementor-element-populated\">\n\t\t\t\t\t\t<div class=\"elementor-element elementor-element-1760bf8f elementor-widget elementor-widget-heading\" data-id=\"1760bf8f\" data-element_type=\"widget\" data-e-type=\"widget\" data-widget_type=\"heading.default\">\n\t\t\t\t\t<h2 class=\"elementor-heading-title elementor-size-default\">Tirsdag<\/h2>\t\t\t\t<\/div>\n\t\t\t\t<div class=\"elementor-element elementor-element-1283d991 elementor-widget elementor-widget-text-editor\" data-id=\"1283d991\" data-element_type=\"widget\" data-e-type=\"widget\" data-widget_type=\"text-editor.default\">\n\t\t\t\t\t\t\t\t\t<p><strong>Patchwork<\/strong><\/p><p>09:00 &#8211; 12:00<\/p><p><strong>Tr\u00e6-smedev\u00e6rksted<\/strong><\/p><p>09:00 &#8211; 16:00<\/p><p><strong>Stavgang<\/strong><\/p><p>09:30 &#8211; 11:30<\/p>\t\t\t\t\t\t\t\t<\/div>\n\t\t\t\t\t<\/div>\n\t\t<\/div>\n\t\t\t\t<div class=\"elementor-column elementor-col-20 elementor-inner-column elementor-element elementor-element-7eefbdf5\" data-id=\"7eefbdf5\" data-element_type=\"column\" data-e-type=\"column\">\n\t\t\t<div class=\"elementor-widget-wrap elementor-element-populated\">\n\t\t\t\t\t\t<div class=\"elementor-element elementor-element-19bf6a39 elementor-widget elementor-widget-heading\" data-id=\"19bf6a39\" data-element_type=\"widget\" data-e-type=\"widget\" data-widget_type=\"heading.default\">\n\t\t\t\t\t<h2 class=\"elementor-heading-title elementor-size-default\">Onsdag<\/h2>\t\t\t\t<\/div>\n\t\t\t\t<div class=\"elementor-element elementor-element-6d3bfc55 elementor-widget elementor-widget-text-editor\" data-id=\"6d3bfc55\" data-element_type=\"widget\" data-e-type=\"widget\" data-widget_type=\"text-editor.default\">\n\t\t\t\t\t\t\t\t\t<p><br><\/p>\n<p><strong style=\"color: var( --e-global-color-text ); font-family: var( --e-global-typography-text-font-family ), Sans-serif; font-size: 1rem;\">Broderi-h\u00e6kling-strikning<\/strong><\/p>\n<p>09:00 &#8211; 12:00<\/p>\n<p><strong style=\"color: var( --e-global-color-text ); font-family: var( --e-global-typography-text-font-family ), Sans-serif; font-size: 1rem;\">Tr\u00e6-smedev\u00e6rksted<\/strong><\/p>\n<p>09:00 &#8211; 16:00<\/p>\n<p><strong>Olie-akrylmaling<\/strong><\/p>\n<p>12:00 &#8211; 15:30<\/p>\n<p><strong>Bankospil<\/strong><\/p>\n<p>13:00 &#8211; 15:15<\/p>\t\t\t\t\t\t\t\t<\/div>\n\t\t\t\t\t<\/div>\n\t\t<\/div>\n\t\t\t\t<div class=\"elementor-column elementor-col-20 elementor-inner-column elementor-element elementor-element-611ed46\" data-id=\"611ed46\" data-element_type=\"column\" data-e-type=\"column\">\n\t\t\t<div class=\"elementor-widget-wrap elementor-element-populated\">\n\t\t\t\t\t\t<div class=\"elementor-element elementor-element-5c4b203c elementor-widget elementor-widget-heading\" data-id=\"5c4b203c\" data-element_type=\"widget\" data-e-type=\"widget\" data-widget_type=\"heading.default\">\n\t\t\t\t\t<h2 class=\"elementor-heading-title elementor-size-default\">Torsdag<\/h2>\t\t\t\t<\/div>\n\t\t\t\t<div class=\"elementor-element elementor-element-2f65d27f elementor-widget elementor-widget-text-editor\" data-id=\"2f65d27f\" data-element_type=\"widget\" data-e-type=\"widget\" data-widget_type=\"text-editor.default\">\n\t\t\t\t\t\t\t\t\t<p><strong>Knipling<\/strong><\/p><p>09:00 &#8211; 12:00<\/p><p><strong>Tr\u00e6-smedev\u00e6rksted<\/strong><\/p><p>09:00 &#8211; 16:00<\/p><p>09:30 &#8211; 12:00<\/p><p>\u00a0<\/p>\t\t\t\t\t\t\t\t<\/div>\n\t\t\t\t\t<\/div>\n\t\t<\/div>\n\t\t\t\t<div class=\"elementor-column elementor-col-20 elementor-inner-column elementor-element elementor-element-3800df8f\" data-id=\"3800df8f\" data-element_type=\"column\" data-e-type=\"column\">\n\t\t\t<div class=\"elementor-widget-wrap elementor-element-populated\">\n\t\t\t\t\t\t<div class=\"elementor-element elementor-element-fd78a65 elementor-widget elementor-widget-heading\" data-id=\"fd78a65\" data-element_type=\"widget\" data-e-type=\"widget\" data-widget_type=\"heading.default\">\n\t\t\t\t\t<h2 class=\"elementor-heading-title elementor-size-default\">Fredag<\/h2>\t\t\t\t<\/div>\n\t\t\t\t<div class=\"elementor-element elementor-element-6229ba92 elementor-widget elementor-widget-text-editor\" data-id=\"6229ba92\" data-element_type=\"widget\" data-e-type=\"widget\" data-widget_type=\"text-editor.default\">\n\t\t\t\t\t\t\t\t\t<p><strong>Tr\u00e6-smedev\u00e6rksted<\/strong><\/p><p>09:00 &#8211; 12:00<\/p><p><strong>Badminton<\/strong><\/p><p>16:00 &#8211; 17:30<\/p><p>S\u00f8ndermarkskolen<\/p><p>\u00a0<\/p>\t\t\t\t\t\t\t\t<\/div>\n\t\t\t\t\t<\/div>\n\t\t<\/div>\n\t\t\t\t\t<\/div>\n\t\t<\/section>\n\t\t\t\t\t<\/div>\n\t\t<\/div>\n\t\t\t\t\t<\/div>\n\t\t<\/section>\n\t\t\t\t<\/div>\n\t\t","protected":false},"excerpt":{"rendered":"<p>Aktiviteter Her kan du se vores forskellige aktiviteter. Bliv en del af f\u00e6llesskabet Mandag Stenslibning-s\u00f8lv-guld-glas-l\u00e6derarbejde 09:00 &#8211; 12:00 Tr\u00e6-smedev\u00e6rksted 09:00 &#8211; 16:00 Glas-og porcel\u00e6nsmaling 12:30 &#8211; 15:30 Tirsdag Patchwork 09:00 &#8211; 12:00 Tr\u00e6-smedev\u00e6rksted 09:00 &#8211; 16:00 Stavgang 09:30 &#8211; 11:30 Onsdag Broderi-h\u00e6kling-strikning 09:00 &#8211; 12:00 Tr\u00e6-smedev\u00e6rksted 09:00 &#8211; 16:00 Olie-akrylmaling 12:00 &#8211; 15:30 Bankospil 13:00 [&hellip;]<\/p>\n","protected":false},"author":1,"featured_media":0,"parent":0,"menu_order":0,"comment_status":"closed","ping_status":"closed","template":"elementor_header_footer","meta":{"footnotes":""},"class_list":["post-155","page","type-page","status-publish","hentry"],"_links":{"self":[{"href":"https:\/\/anygamle.ramako.dk\/index.php\/wp-json\/wp\/v2\/pages\/155","targetHints":{"allow":["GET"]}}],"collection":[{"href":"https:\/\/anygamle.ramako.dk\/index.php\/wp-json\/wp\/v2\/pages"}],"about":[{"href":"https:\/\/anygamle.ramako.dk\/index.php\/wp-json\/wp\/v2\/types\/page"}],"author":[{"embeddable":true,"href":"https:\/\/anygamle.ramako.dk\/index.php\/wp-json\/wp\/v2\/users\/1"}],"replies":[{"embeddable":true,"href":"https:\/\/anygamle.ramako.dk\/index.php\/wp-json\/wp\/v2\/comments?post=155"}],"version-history":[{"count":4,"href":"https:\/\/anygamle.ramako.dk\/index.php\/wp-json\/wp\/v2\/pages\/155\/revisions"}],"predecessor-version":[{"id":222,"href":"https:\/\/anygamle.ramako.dk\/index.php\/wp-json\/wp\/v2\/pages\/155\/revisions\/222"}],"wp:attachment":[{"href":"https:\/\/anygamle.ramako.dk\/index.php\/wp-json\/wp\/v2\/media?parent=155"}],"curies":[{"name":"wp","href":"https:\/\/api.w.org\/{rel}","templated":true}]}}